{"id":26,"date":"2019-03-16T07:14:59","date_gmt":"2019-03-16T07:14:59","guid":{"rendered":"http:\/\/dmkoy.fi\/?page_id=26"},"modified":"2021-11-23T11:56:11","modified_gmt":"2021-11-23T11:56:11","slug":"terms-and-conditions","status":"publish","type":"page","link":"https:\/\/dmkoy.fi\/index.php\/terms-and-conditions\/","title":{"rendered":"Terms and Conditions"},"content":{"rendered":"\n<p class=\"has-very-dark-gray-color has-very-light-gray-background-color has-text-color has-background\">Seuraavat myynti- ja toimitusehdot p\u00e4tev\u00e4t ja syrj\u00e4ytt\u00e4v\u00e4t kaikki muut ehdot ellei toiseksi ole allekirjoitettu.<br><br>The following terms &amp; conditions apply to all sales order and supersede any other document unless it is separately.<br><br>DMK General Terms &#8211; <a href=\"https:\/\/dmkoy.fi\/wp-content\/uploads\/2021\/11\/DMK-General-Terms-2021.pdf\">Click Here<\/a><a href=\"https:\/\/dmkoy.fi\/wp-content\/uploads\/2021\/11\/DMK-General-Terms-2021.pdf\"><\/a><br><br>DMK Warranty &#8211; <a href=\"https:\/\/dmkoy.fi\/wp-content\/uploads\/2021\/11\/DMK-Warranty-and-Disclaimer-2021.pdf\">Click Here<br><\/a><\/p>\n","protected":false},"excerpt":{"rendered":"<p>Seuraavat myynti- ja toimitusehdot p\u00e4tev\u00e4t ja syrj\u00e4ytt\u00e4v\u00e4t kaikki muut ehdot ellei toiseksi ole allekirjoitettu. The following terms &amp; conditions apply to all sales order and supersede any other document unless it is separately. DMK General Terms &#8211; Click Here DMK Warranty &#8211; Click Here<\/p>\n","protected":false},"author":1,"featured_media":0,"parent":0,"menu_order":0,"comment_status":"closed","ping_status":"closed","template":"","meta":{"_mi_skip_tracking":false,"footnotes":""},"class_list":["post-26","page","type-page","status-publish","hentry"],"aioseo_notices":[],"_links":{"self":[{"href":"https:\/\/dmkoy.fi\/index.php\/wp-json\/wp\/v2\/pages\/26","targetHints":{"allow":["GET"]}}],"collection":[{"href":"https:\/\/dmkoy.fi\/index.php\/wp-json\/wp\/v2\/pages"}],"about":[{"href":"https:\/\/dmkoy.fi\/index.php\/wp-json\/wp\/v2\/types\/page"}],"author":[{"embeddable":true,"href":"https:\/\/dmkoy.fi\/index.php\/wp-json\/wp\/v2\/users\/1"}],"replies":[{"embeddable":true,"href":"https:\/\/dmkoy.fi\/index.php\/wp-json\/wp\/v2\/comments?post=26"}],"version-history":[{"count":6,"href":"https:\/\/dmkoy.fi\/index.php\/wp-json\/wp\/v2\/pages\/26\/revisions"}],"predecessor-version":[{"id":261,"href":"https:\/\/dmkoy.fi\/index.php\/wp-json\/wp\/v2\/pages\/26\/revisions\/261"}],"wp:attachment":[{"href":"https:\/\/dmkoy.fi\/index.php\/wp-json\/wp\/v2\/media?parent=26"}],"curies":[{"name":"wp","href":"https:\/\/api.w.org\/{rel}","templated":true}]}}